{"id":3250,"date":"2026-04-03T13:39:21","date_gmt":"2026-04-03T13:39:21","guid":{"rendered":"https:\/\/graphic.az\/?post_type=product&#038;p=3250"},"modified":"2026-04-03T13:39:21","modified_gmt":"2026-04-03T13:39:21","slug":"cotton-bag-white","status":"publish","type":"product","link":"https:\/\/graphic.az\/index.php\/product\/cotton-bag-white\/","title":{"rendered":"Cotton bag White"},"content":{"rendered":"<ul>\n<li data-section-id=\"11xm7i7\" data-start=\"0\" data-end=\"33\">Eco-friendly and reusable bag<\/li>\n<li data-section-id=\"uk3z7a\" data-start=\"34\" data-end=\"74\">Durable and thick material (200 GSM)<\/li>\n<li data-section-id=\"1virzjn\" data-start=\"75\" data-end=\"111\">Ideal for daily use and shopping<\/li>\n<li data-section-id=\"6qyr3a\" data-start=\"112\" data-end=\"145\">Suitable surface for printing<\/li>\n<li data-section-id=\"wra3xu\" data-start=\"146\" data-end=\"186\" data-is-last-node=\"\">Lightweight, comfortable, and foldable<\/li>\n<\/ul>\n<p><strong data-start=\"160\" data-end=\"176\">M\u0259hsul kodu:<\/strong> GRCB003<br data-start=\"184\" data-end=\"187\" \/><strong data-start=\"187\" data-end=\"196\">\u00d6l\u00e7\u00fc:<\/strong> 42 \u00d7 37 sm<br data-start=\"207\" data-end=\"210\" \/><strong data-start=\"210\" data-end=\"223\">Material:<\/strong> 100% pamb\u0131q (cotton)<br data-start=\"244\" data-end=\"247\" \/><strong data-start=\"247\" data-end=\"260\">Qal\u0131nl\u0131q:<\/strong> 200 qram (200 GSM)<\/p>\n","protected":false},"excerpt":{"rendered":"<p>Eco-friendly and reusable bag Durable and thick material (200 GSM) Ideal for daily use and shopping Suitable surface for printing Lightweight, comfortable, and foldable M\u0259hsul kodu: GRCB003\u00d6l\u00e7\u00fc: 42 \u00d7 37<\/p>\n","protected":false},"featured_media":3251,"comment_status":"open","ping_status":"closed","template":"","meta":[],"product_cat":[24,36],"product_tag":[],"class_list":{"0":"post-3250","1":"product","2":"type-product","3":"status-publish","4":"has-post-thumbnail","6":"product_cat-bags","7":"product_cat-cotton-bag","9":"first","10":"instock","11":"shipping-taxable","12":"product-type-simple"},"_links":{"self":[{"href":"https:\/\/graphic.az\/index.php\/wp-json\/wp\/v2\/product\/3250","targetHints":{"allow":["GET"]}}],"collection":[{"href":"https:\/\/graphic.az\/index.php\/wp-json\/wp\/v2\/product"}],"about":[{"href":"https:\/\/graphic.az\/index.php\/wp-json\/wp\/v2\/types\/product"}],"replies":[{"embeddable":true,"href":"https:\/\/graphic.az\/index.php\/wp-json\/wp\/v2\/comments?post=3250"}],"wp:featuredmedia":[{"embeddable":true,"href":"https:\/\/graphic.az\/index.php\/wp-json\/wp\/v2\/media\/3251"}],"wp:attachment":[{"href":"https:\/\/graphic.az\/index.php\/wp-json\/wp\/v2\/media?parent=3250"}],"wp:term":[{"taxonomy":"product_cat","embeddable":true,"href":"https:\/\/graphic.az\/index.php\/wp-json\/wp\/v2\/product_cat?post=3250"},{"taxonomy":"product_tag","embeddable":true,"href":"https:\/\/graphic.az\/index.php\/wp-json\/wp\/v2\/product_tag?post=3250"}],"curies":[{"name":"wp","href":"https:\/\/api.w.org\/{rel}","templated":true}]}}